{"id":1872,"date":"2025-12-18T14:01:50","date_gmt":"2025-12-18T14:01:50","guid":{"rendered":"https:\/\/www.ecepak.com.tr\/?post_type=product&#038;p=1872"},"modified":"2026-04-09T11:36:37","modified_gmt":"2026-04-09T11:36:37","slug":"ecepak-yuvarlak-islak-mendil-karma-koku-serisi-25li-paket-5li-koli","status":"publish","type":"product","link":"https:\/\/www.ecepak.com.tr\/ar\/urun\/ecepak-yuvarlak-islak-mendil-karma-koku-serisi-25li-paket-5li-koli\/","title":{"rendered":"ECEPAK Yuvarlak Islak Mendil \u2013 Karma Koku Serisi &#8211; 25\u2019li Paket 5\u2019li Koli"},"content":{"rendered":"","protected":false},"excerpt":{"rendered":"<p><strong>ECEPAK yuvarlak karma koku \u0131slak mendiller, patentli yuvarlak ambalaj tasar\u0131m\u0131, modern g\u00f6r\u00fcn\u00fcm\u00fc ve g\u00fcvenilir i\u00e7eri\u011fiyle hijyen ihtiya\u00e7lar\u0131na pratik ve estetik bir \u00e7\u00f6z\u00fcm sunar. Tek kullan\u0131ml\u0131k yap\u0131s\u0131 sayesinde her ortamda h\u0131zl\u0131 ve etkili temizlik sa\u011flar.<\/strong><\/p>\n<p>Kompakt ve ta\u015f\u0131nabilir yuvarlak formu ile \u00e7anta, ara\u00e7 veya cepte rahatl\u0131kla ta\u015f\u0131nabilen ECEPAK yuvarlak \u0131slak mendiller; <strong>ev, ofis, seyahat ve a\u00e7\u0131k hava kullan\u0131m\u0131<\/strong> i\u00e7in idealdir. Ayn\u0131 zamanda <strong>kafe, bar, otel ve restoran<\/strong> gibi yeme-i\u00e7me alanlar\u0131nda hijyen standartlar\u0131n\u0131 destekleyen profesyonel bir \u00fcr\u00fcnd\u00fcr.<\/p>\n<p>\u015e\u0131k tasar\u0131m\u0131, pratik kullan\u0131m\u0131 ve g\u00fcvenilir form\u00fcl\u00fcyle ECEPAK yuvarlak \u0131slak mendiller, <strong>g\u00fcnl\u00fck hijyenin vazge\u00e7ilmez bir par\u00e7as\u0131<\/strong> olarak \u00f6ne \u00e7\u0131kar.<\/p>\n<p>\u0130\u00e7indekiler : Alcohol Denat, Aqua, Parfum, Citrus Aurantium Peel Oil, Citrus Limon Peel Oil, Pogostemon Cablin Oil, Cedrus Atlantica Oil \/ Extract, Linalool, Limonene, Coumarin, Hexyl, Cinnamal, Hexamethylindanopyran, Tetramethyl Acetyloctahydronaphthalenes, Alpha-Isomethyl Ionone, Geraniol, Linalyl Acetate, Citronellol, Benzyl Salicylate, Pinene, Geranyl Acetate, Terpineol, Citral, Terpinolene, Beta-Caryophyllene.<\/p>\n","protected":false},"featured_media":1873,"comment_status":"open","ping_status":"closed","template":"","meta":[],"product_brand":[],"product_cat":[15,125,252],"product_tag":[260,190,257,261,258,255,256,254],"class_list":{"0":"post-1872","1":"product","2":"type-product","3":"status-publish","4":"has-post-thumbnail","6":"product_cat-ecepak-urun-gruplari","7":"product_cat-islak-mendil-grubu","8":"product_cat-yuvarlak-islak-mendil","9":"product_tag-ecepak-islak-mendil","10":"product_tag-ecepak-kolonyali-mendil","11":"product_tag-hijyenik-islak-mendil","12":"product_tag-kafe-restoran-islak-mendil","13":"product_tag-karma-kokulu-islak-mendil","14":"product_tag-kolonyali-islak-mendil","15":"product_tag-tek-kullanimlik-islak-mendil","16":"product_tag-yuvarlak-islak-mendil","18":"first","19":"outofstock","20":"taxable","21":"shipping-taxable","22":"purchasable","23":"product-type-simple"},"yoast_head":"<!-- This site is optimized with the Yoast SEO plugin v27.4 - https:\/\/yoast.com\/product\/yoast-seo-wordpress\/ -->\n<title>ECEPAK Yuvarlak Islak Mendil \u2013 Karma Koku | 25\u2019li Paket 5\u2019li Koli<\/title>\n<meta name=\"description\" content=\"ECEPAK Yuvarlak Islak Mendil Karma Koku Serisi 25\u2019li Paket 5\u2019li Koli \u2022 Avantajl\u0131 fiyat, h\u0131zl\u0131 teslimat ve g\u00fcvenilir kullan\u0131m \u2022 \u0130zmir, T\u00fcrkiye\" \/>\n<meta name=\"robots\" content=\"index, follow, max-snippet:-1, max-image-preview:large, max-video-preview:-1\" \/>\n<link rel=\"canonical\" href=\"https:\/\/www.ecepak.com.tr\/ar\/urun\/ecepak-yuvarlak-islak-mendil-karma-koku-serisi-25li-paket-5li-koli\/\" \/>\n<meta property=\"og:locale\" content=\"ar_AR\" \/>\n<meta property=\"og:type\" content=\"article\" \/>\n<meta property=\"og:title\" content=\"ECEPAK Yuvarlak Islak Mendil \u2013 Karma Koku | 25\u2019li Paket 5\u2019li Koli\" \/>\n<meta property=\"og:description\" content=\"ECEPAK Yuvarlak Islak Mendil Karma Koku Serisi 25\u2019li Paket 5\u2019li Koli \u2022 Avantajl\u0131 fiyat, h\u0131zl\u0131 teslimat ve g\u00fcvenilir kullan\u0131m \u2022 \u0130zmir, T\u00fcrkiye\" \/>\n<meta property=\"og:url\" content=\"https:\/\/www.ecepak.com.tr\/ar\/urun\/ecepak-yuvarlak-islak-mendil-karma-koku-serisi-25li-paket-5li-koli\/\" \/>\n<meta property=\"og:site_name\" content=\"www.ecepak.com.tr\" \/>\n<meta property=\"article:publisher\" content=\"https:\/\/www.facebook.com\/ecepaketleme\/?locale=tr_TR\" \/>\n<meta property=\"article:modified_time\" content=\"2026-04-09T11:36:37+00:00\" \/>\n<meta property=\"og:image\" content=\"https:\/\/www.ecepak.com.tr\/wp-content\/uploads\/2025\/12\/ecepak-islak-mendil-karisik-5li-koli.webp\" \/>\n\t<meta property=\"og:image:width\" content=\"1300\" \/>\n\t<meta property=\"og:image:height\" content=\"1430\" \/>\n\t<meta property=\"og:image:type\" content=\"image\/webp\" \/>\n<meta name=\"twitter:card\" content=\"summary_large_image\" \/>\n<meta name=\"twitter:label1\" content=\"\u0648\u0642\u062a \u0627\u0644\u0642\u0631\u0627\u0621\u0629 \u0627\u0644\u0645\u064f\u0642\u062f\u0651\u0631\" \/>\n\t<meta name=\"twitter:data1\" content=\"1 \u062f\u0642\u064a\u0642\u0629\" \/>\n<script type=\"application\/ld+json\" class=\"yoast-schema-graph\">{\"@context\":\"https:\\\/\\\/schema.org\",\"@graph\":[{\"@type\":\"WebPage\",\"@id\":\"https:\\\/\\\/www.ecepak.com.tr\\\/ar\\\/urun\\\/ecepak-yuvarlak-islak-mendil-karma-koku-serisi-25li-paket-5li-koli\\\/\",\"url\":\"https:\\\/\\\/www.ecepak.com.tr\\\/ar\\\/urun\\\/ecepak-yuvarlak-islak-mendil-karma-koku-serisi-25li-paket-5li-koli\\\/\",\"name\":\"ECEPAK Yuvarlak Islak Mendil \u2013 Karma Koku | 25\u2019li Paket 5\u2019li Koli\",\"isPartOf\":{\"@id\":\"https:\\\/\\\/www.ecepak.com.tr\\\/ar\\\/#website\"},\"primaryImageOfPage\":{\"@id\":\"https:\\\/\\\/www.ecepak.com.tr\\\/ar\\\/urun\\\/ecepak-yuvarlak-islak-mendil-karma-koku-serisi-25li-paket-5li-koli\\\/#primaryimage\"},\"image\":{\"@id\":\"https:\\\/\\\/www.ecepak.com.tr\\\/ar\\\/urun\\\/ecepak-yuvarlak-islak-mendil-karma-koku-serisi-25li-paket-5li-koli\\\/#primaryimage\"},\"thumbnailUrl\":\"https:\\\/\\\/www.ecepak.com.tr\\\/wp-content\\\/uploads\\\/2025\\\/12\\\/ecepak-islak-mendil-karisik-5li-koli.webp\",\"datePublished\":\"2025-12-18T14:01:50+00:00\",\"dateModified\":\"2026-04-09T11:36:37+00:00\",\"description\":\"ECEPAK Yuvarlak Islak Mendil Karma Koku Serisi 25\u2019li Paket 5\u2019li Koli \u2022 Avantajl\u0131 fiyat, h\u0131zl\u0131 teslimat ve g\u00fcvenilir kullan\u0131m \u2022 \u0130zmir, T\u00fcrkiye\",\"breadcrumb\":{\"@id\":\"https:\\\/\\\/www.ecepak.com.tr\\\/ar\\\/urun\\\/ecepak-yuvarlak-islak-mendil-karma-koku-serisi-25li-paket-5li-koli\\\/#breadcrumb\"},\"inLanguage\":\"ar\",\"potentialAction\":[{\"@type\":\"ReadAction\",\"target\":[\"https:\\\/\\\/www.ecepak.com.tr\\\/ar\\\/urun\\\/ecepak-yuvarlak-islak-mendil-karma-koku-serisi-25li-paket-5li-koli\\\/\"]}]},{\"@type\":\"ImageObject\",\"inLanguage\":\"ar\",\"@id\":\"https:\\\/\\\/www.ecepak.com.tr\\\/ar\\\/urun\\\/ecepak-yuvarlak-islak-mendil-karma-koku-serisi-25li-paket-5li-koli\\\/#primaryimage\",\"url\":\"https:\\\/\\\/www.ecepak.com.tr\\\/wp-content\\\/uploads\\\/2025\\\/12\\\/ecepak-islak-mendil-karisik-5li-koli.webp\",\"contentUrl\":\"https:\\\/\\\/www.ecepak.com.tr\\\/wp-content\\\/uploads\\\/2025\\\/12\\\/ecepak-islak-mendil-karisik-5li-koli.webp\",\"width\":1300,\"height\":1430,\"caption\":\"ecepak-islak-mendil-karisik-5li-koli\"},{\"@type\":\"BreadcrumbList\",\"@id\":\"https:\\\/\\\/www.ecepak.com.tr\\\/ar\\\/urun\\\/ecepak-yuvarlak-islak-mendil-karma-koku-serisi-25li-paket-5li-koli\\\/#breadcrumb\",\"itemListElement\":[{\"@type\":\"ListItem\",\"position\":1,\"name\":\"Anasayfa\",\"item\":\"https:\\\/\\\/www.ecepak.com.tr\\\/ar\\\/\"},{\"@type\":\"ListItem\",\"position\":2,\"name\":\"Ma\u011faza\",\"item\":\"https:\\\/\\\/www.ecepak.com.tr\\\/magaza\\\/\"},{\"@type\":\"ListItem\",\"position\":3,\"name\":\"ECEPAK Yuvarlak Islak Mendil \u2013 Karma Koku Serisi &#8211; 25\u2019li Paket 5\u2019li Koli\"}]},{\"@type\":\"WebSite\",\"@id\":\"https:\\\/\\\/www.ecepak.com.tr\\\/ar\\\/#website\",\"url\":\"https:\\\/\\\/www.ecepak.com.tr\\\/ar\\\/\",\"name\":\"www.ecepak.com.tr\",\"description\":\"ECEPAK\",\"publisher\":{\"@id\":\"https:\\\/\\\/www.ecepak.com.tr\\\/ar\\\/#organization\"},\"potentialAction\":[{\"@type\":\"SearchAction\",\"target\":{\"@type\":\"EntryPoint\",\"urlTemplate\":\"https:\\\/\\\/www.ecepak.com.tr\\\/ar\\\/?s={search_term_string}\"},\"query-input\":{\"@type\":\"PropertyValueSpecification\",\"valueRequired\":true,\"valueName\":\"search_term_string\"}}],\"inLanguage\":\"ar\"},{\"@type\":\"Organization\",\"@id\":\"https:\\\/\\\/www.ecepak.com.tr\\\/ar\\\/#organization\",\"name\":\"ECEPAK Paketleme ve Ambalaj\",\"url\":\"https:\\\/\\\/www.ecepak.com.tr\\\/ar\\\/\",\"logo\":{\"@type\":\"ImageObject\",\"inLanguage\":\"ar\",\"@id\":\"https:\\\/\\\/www.ecepak.com.tr\\\/ar\\\/#\\\/schema\\\/logo\\\/image\\\/\",\"url\":\"https:\\\/\\\/www.ecepak.com.tr\\\/wp-content\\\/uploads\\\/2024\\\/02\\\/ecepak-logo.png\",\"contentUrl\":\"https:\\\/\\\/www.ecepak.com.tr\\\/wp-content\\\/uploads\\\/2024\\\/02\\\/ecepak-logo.png\",\"width\":720,\"height\":186,\"caption\":\"ECEPAK Paketleme ve Ambalaj\"},\"image\":{\"@id\":\"https:\\\/\\\/www.ecepak.com.tr\\\/ar\\\/#\\\/schema\\\/logo\\\/image\\\/\"},\"sameAs\":[\"https:\\\/\\\/www.facebook.com\\\/ecepaketleme\\\/?locale=tr_TR\",\"https:\\\/\\\/tr.linkedin.com\\\/in\\\/ecepak\",\"https:\\\/\\\/www.instagram.com\\\/ecepaketleme\\\/\",\"https:\\\/\\\/www.youtube.com\\\/@ecepakambalaj\"]}]}<\/script>\n<!-- \/ Yoast SEO plugin. -->","yoast_head_json":{"title":"ECEPAK Yuvarlak Islak Mendil \u2013 Karma Koku | 25\u2019li Paket 5\u2019li Koli","description":"ECEPAK Yuvarlak Islak Mendil Karma Koku Serisi 25\u2019li Paket 5\u2019li Koli \u2022 Avantajl\u0131 fiyat, h\u0131zl\u0131 teslimat ve g\u00fcvenilir kullan\u0131m \u2022 \u0130zmir, T\u00fcrkiye","robots":{"index":"index","follow":"follow","max-snippet":"max-snippet:-1","max-image-preview":"max-image-preview:large","max-video-preview":"max-video-preview:-1"},"canonical":"https:\/\/www.ecepak.com.tr\/ar\/urun\/ecepak-yuvarlak-islak-mendil-karma-koku-serisi-25li-paket-5li-koli\/","og_locale":"ar_AR","og_type":"article","og_title":"ECEPAK Yuvarlak Islak Mendil \u2013 Karma Koku | 25\u2019li Paket 5\u2019li Koli","og_description":"ECEPAK Yuvarlak Islak Mendil Karma Koku Serisi 25\u2019li Paket 5\u2019li Koli \u2022 Avantajl\u0131 fiyat, h\u0131zl\u0131 teslimat ve g\u00fcvenilir kullan\u0131m \u2022 \u0130zmir, T\u00fcrkiye","og_url":"https:\/\/www.ecepak.com.tr\/ar\/urun\/ecepak-yuvarlak-islak-mendil-karma-koku-serisi-25li-paket-5li-koli\/","og_site_name":"www.ecepak.com.tr","article_publisher":"https:\/\/www.facebook.com\/ecepaketleme\/?locale=tr_TR","article_modified_time":"2026-04-09T11:36:37+00:00","og_image":[{"width":1300,"height":1430,"url":"https:\/\/www.ecepak.com.tr\/wp-content\/uploads\/2025\/12\/ecepak-islak-mendil-karisik-5li-koli.webp","type":"image\/webp"}],"twitter_card":"summary_large_image","twitter_misc":{"\u0648\u0642\u062a \u0627\u0644\u0642\u0631\u0627\u0621\u0629 \u0627\u0644\u0645\u064f\u0642\u062f\u0651\u0631":"1 \u062f\u0642\u064a\u0642\u0629"},"schema":{"@context":"https:\/\/schema.org","@graph":[{"@type":"WebPage","@id":"https:\/\/www.ecepak.com.tr\/ar\/urun\/ecepak-yuvarlak-islak-mendil-karma-koku-serisi-25li-paket-5li-koli\/","url":"https:\/\/www.ecepak.com.tr\/ar\/urun\/ecepak-yuvarlak-islak-mendil-karma-koku-serisi-25li-paket-5li-koli\/","name":"ECEPAK Yuvarlak Islak Mendil \u2013 Karma Koku | 25\u2019li Paket 5\u2019li Koli","isPartOf":{"@id":"https:\/\/www.ecepak.com.tr\/ar\/#website"},"primaryImageOfPage":{"@id":"https:\/\/www.ecepak.com.tr\/ar\/urun\/ecepak-yuvarlak-islak-mendil-karma-koku-serisi-25li-paket-5li-koli\/#primaryimage"},"image":{"@id":"https:\/\/www.ecepak.com.tr\/ar\/urun\/ecepak-yuvarlak-islak-mendil-karma-koku-serisi-25li-paket-5li-koli\/#primaryimage"},"thumbnailUrl":"https:\/\/www.ecepak.com.tr\/wp-content\/uploads\/2025\/12\/ecepak-islak-mendil-karisik-5li-koli.webp","datePublished":"2025-12-18T14:01:50+00:00","dateModified":"2026-04-09T11:36:37+00:00","description":"ECEPAK Yuvarlak Islak Mendil Karma Koku Serisi 25\u2019li Paket 5\u2019li Koli \u2022 Avantajl\u0131 fiyat, h\u0131zl\u0131 teslimat ve g\u00fcvenilir kullan\u0131m \u2022 \u0130zmir, T\u00fcrkiye","breadcrumb":{"@id":"https:\/\/www.ecepak.com.tr\/ar\/urun\/ecepak-yuvarlak-islak-mendil-karma-koku-serisi-25li-paket-5li-koli\/#breadcrumb"},"inLanguage":"ar","potentialAction":[{"@type":"ReadAction","target":["https:\/\/www.ecepak.com.tr\/ar\/urun\/ecepak-yuvarlak-islak-mendil-karma-koku-serisi-25li-paket-5li-koli\/"]}]},{"@type":"ImageObject","inLanguage":"ar","@id":"https:\/\/www.ecepak.com.tr\/ar\/urun\/ecepak-yuvarlak-islak-mendil-karma-koku-serisi-25li-paket-5li-koli\/#primaryimage","url":"https:\/\/www.ecepak.com.tr\/wp-content\/uploads\/2025\/12\/ecepak-islak-mendil-karisik-5li-koli.webp","contentUrl":"https:\/\/www.ecepak.com.tr\/wp-content\/uploads\/2025\/12\/ecepak-islak-mendil-karisik-5li-koli.webp","width":1300,"height":1430,"caption":"ecepak-islak-mendil-karisik-5li-koli"},{"@type":"BreadcrumbList","@id":"https:\/\/www.ecepak.com.tr\/ar\/urun\/ecepak-yuvarlak-islak-mendil-karma-koku-serisi-25li-paket-5li-koli\/#breadcrumb","itemListElement":[{"@type":"ListItem","position":1,"name":"Anasayfa","item":"https:\/\/www.ecepak.com.tr\/ar\/"},{"@type":"ListItem","position":2,"name":"Ma\u011faza","item":"https:\/\/www.ecepak.com.tr\/magaza\/"},{"@type":"ListItem","position":3,"name":"ECEPAK Yuvarlak Islak Mendil \u2013 Karma Koku Serisi &#8211; 25\u2019li Paket 5\u2019li Koli"}]},{"@type":"WebSite","@id":"https:\/\/www.ecepak.com.tr\/ar\/#website","url":"https:\/\/www.ecepak.com.tr\/ar\/","name":"www.ecepak.com.tr","description":"ECEPAK","publisher":{"@id":"https:\/\/www.ecepak.com.tr\/ar\/#organization"},"potentialAction":[{"@type":"SearchAction","target":{"@type":"EntryPoint","urlTemplate":"https:\/\/www.ecepak.com.tr\/ar\/?s={search_term_string}"},"query-input":{"@type":"PropertyValueSpecification","valueRequired":true,"valueName":"search_term_string"}}],"inLanguage":"ar"},{"@type":"Organization","@id":"https:\/\/www.ecepak.com.tr\/ar\/#organization","name":"ECEPAK Paketleme ve Ambalaj","url":"https:\/\/www.ecepak.com.tr\/ar\/","logo":{"@type":"ImageObject","inLanguage":"ar","@id":"https:\/\/www.ecepak.com.tr\/ar\/#\/schema\/logo\/image\/","url":"https:\/\/www.ecepak.com.tr\/wp-content\/uploads\/2024\/02\/ecepak-logo.png","contentUrl":"https:\/\/www.ecepak.com.tr\/wp-content\/uploads\/2024\/02\/ecepak-logo.png","width":720,"height":186,"caption":"ECEPAK Paketleme ve Ambalaj"},"image":{"@id":"https:\/\/www.ecepak.com.tr\/ar\/#\/schema\/logo\/image\/"},"sameAs":["https:\/\/www.facebook.com\/ecepaketleme\/?locale=tr_TR","https:\/\/tr.linkedin.com\/in\/ecepak","https:\/\/www.instagram.com\/ecepaketleme\/","https:\/\/www.youtube.com\/@ecepakambalaj"]}]}},"_links":{"self":[{"href":"https:\/\/www.ecepak.com.tr\/ar\/wp-json\/wp\/v2\/product\/1872","targetHints":{"allow":["GET"]}}],"collection":[{"href":"https:\/\/www.ecepak.com.tr\/ar\/wp-json\/wp\/v2\/product"}],"about":[{"href":"https:\/\/www.ecepak.com.tr\/ar\/wp-json\/wp\/v2\/types\/product"}],"replies":[{"embeddable":true,"href":"https:\/\/www.ecepak.com.tr\/ar\/wp-json\/wp\/v2\/comments?post=1872"}],"wp:featuredmedia":[{"embeddable":true,"href":"https:\/\/www.ecepak.com.tr\/ar\/wp-json\/wp\/v2\/media\/1873"}],"wp:attachment":[{"href":"https:\/\/www.ecepak.com.tr\/ar\/wp-json\/wp\/v2\/media?parent=1872"}],"wp:term":[{"taxonomy":"product_brand","embeddable":true,"href":"https:\/\/www.ecepak.com.tr\/ar\/wp-json\/wp\/v2\/product_brand?post=1872"},{"taxonomy":"product_cat","embeddable":true,"href":"https:\/\/www.ecepak.com.tr\/ar\/wp-json\/wp\/v2\/product_cat?post=1872"},{"taxonomy":"product_tag","embeddable":true,"href":"https:\/\/www.ecepak.com.tr\/ar\/wp-json\/wp\/v2\/product_tag?post=1872"}],"curies":[{"name":"wp","href":"https:\/\/api.w.org\/{rel}","templated":true}]}}